{"id":1292,"date":"2025-07-14T10:58:47","date_gmt":"2025-07-14T10:58:47","guid":{"rendered":"https:\/\/meetingpack.com\/legal-notice\/"},"modified":"2025-07-15T11:12:04","modified_gmt":"2025-07-15T11:12:04","slug":"legal-notice","status":"publish","type":"page","link":"https:\/\/meetingpack.com\/en\/legal-notice\/","title":{"rendered":"Legal Notice"},"content":{"rendered":"\t\t<div data-elementor-type=\"wp-page\" data-elementor-id=\"1292\" class=\"elementor elementor-1292 elementor-1263\" data-elementor-post-type=\"page\">\n\t\t\t\t<div class=\"elementor-element elementor-element-06640bd e-con-full e-flex e-con e-parent\" data-id=\"06640bd\" data-element_type=\"container\" data-e-type=\"container\" data-settings=\"{&quot;background_background&quot;:&quot;classic&quot;}\">\n\t\t<div class=\"elementor-element elementor-element-bffdcb8 e-con-full e-flex e-con e-child\" data-id=\"bffdcb8\" data-element_type=\"container\" data-e-type=\"container\">\n\t\t<div class=\"elementor-element elementor-element-7c78e38 e-con-full e-flex e-con e-child\" data-id=\"7c78e38\" data-element_type=\"container\" data-e-type=\"container\" data-settings=\"{&quot;background_background&quot;:&quot;classic&quot;}\">\n\t\t\t\t<div class=\"elementor-element elementor-element-b8af6cf elementor-widget elementor-widget-heading\" data-id=\"b8af6cf\" data-element_type=\"widget\" data-e-type=\"widget\" data-widget_type=\"heading.default\">\n\t\t\t\t<div class=\"elementor-widget-container\">\n\t\t\t\t\t<h1 class=\"elementor-heading-title elementor-size-default\">Legal Notice<\/h1>\t\t\t\t<\/div>\n\t\t\t\t<\/div>\n\t\t\t\t<\/div>\n\t\t\t\t<\/div>\n\t\t\t\t<\/div>\n\t\t<div class=\"elementor-element elementor-element-94bf2f7 e-flex e-con-boxed e-con e-parent\" data-id=\"94bf2f7\" data-element_type=\"container\" data-e-type=\"container\">\n\t\t\t\t\t<div class=\"e-con-inner\">\n\t\t\t\t<div class=\"elementor-element elementor-element-23df9a4 elementor-widget elementor-widget-text-editor\" data-id=\"23df9a4\" data-element_type=\"widget\" data-e-type=\"widget\" data-widget_type=\"text-editor.default\">\n\t\t\t\t<div class=\"elementor-widget-container\">\n\t\t\t\t\t\t\t\t\t<p>In compliance with the provisions of Article 10 of Law 34\/2002, of 11 July, on Information Society Services and Electronic Commerce (hereinafter, LSSI-CE), the following information is provided expressly, precisely and unequivocally to both users (service recipients) and the competent authorities, regarding the provider of information society services:<\/p><p>This website (www.meetingpack.com), as well as the event and its associated activities, are jointly managed by:<\/p>\t\t\t\t\t\t\t\t<\/div>\n\t\t\t\t<\/div>\n\t\t\t\t<div class=\"elementor-element elementor-element-c6e85ee elementor-widget elementor-widget-heading\" data-id=\"c6e85ee\" data-element_type=\"widget\" data-e-type=\"widget\" data-widget_type=\"heading.default\">\n\t\t\t\t<div class=\"elementor-widget-container\">\n\t\t\t\t\t<h2 class=\"elementor-heading-title elementor-size-default\">Identification of the Data Controllers \/ Providers of Information Society Services<\/h2>\t\t\t\t<\/div>\n\t\t\t\t<\/div>\n\t\t\t\t<div class=\"elementor-element elementor-element-3abe2fb elementor-widget elementor-widget-text-editor\" data-id=\"3abe2fb\" data-element_type=\"widget\" data-e-type=\"widget\" data-widget_type=\"text-editor.default\">\n\t\t\t\t<div class=\"elementor-widget-container\">\n\t\t\t\t\t\t\t\t\t<ul>\n \t<li><strong>Entity:<\/strong> AINIA<\/li>\n \t<li><strong>Tax Identification Number:<\/strong> G46421988<\/li>\n \t<li><strong>Purpose: <\/strong>To process, record and contact you in order to respond to the request you submit through this contact form.<\/li>\n \t<li><strong>Legitimation:<\/strong> With your consent, by checking the boxes provided in this form.<\/li>\n \t<li><strong>Recipients:<\/strong> Your data will not be disclosed to third parties.<\/li>\n \t<li><strong>Rights:<\/strong> You may exercise your right of access, rectification, suppression, opposition, limitation and revocation at: privacy@ainia.es.<\/li>\n \t<li><strong>More info:<\/strong> More information is available in our <a href=\"https:\/\/www.ainia.com\/politica-privacidad\/\">Privacy Policy.<\/a><\/li>\n \t<li><strong>DPO:<\/strong> Direct your complaints or doubts to the Data Protection Officer at: privacy@ainia.es.<\/li>\n<\/ul>\t\t\t\t\t\t\t\t<\/div>\n\t\t\t\t<\/div>\n\t\t\t\t<div class=\"elementor-element elementor-element-6267bd3 elementor-widget elementor-widget-text-editor\" data-id=\"6267bd3\" data-element_type=\"widget\" data-e-type=\"widget\" data-widget_type=\"text-editor.default\">\n\t\t\t\t<div class=\"elementor-widget-container\">\n\t\t\t\t\t\t\t\t\t<ul><li><strong>Entity:<\/strong> Plastics Technology Centre (AIMPLAS \u2013 Asociaci\u00f3n de Investigaci\u00f3n de Materiales Pl\u00e1sticos y Conexas)<\/li><li><strong>Address:<\/strong> Parque Tecnol\u00f3gico de Valencia. Calle Gustave Eiffel 4, Paterna 46980, Valencia. Spain.  <\/li><li><strong>Tax Identification Number: <\/strong>G46714853<\/li><li><strong>Purpose:<\/strong> To process, record and contact you in order to respond to the request you submit through this contact form.<\/li><li><strong>Legitimation:<\/strong> With your consent, by checking the boxes provided in this form.<\/li><li><strong>Recipients:<\/strong> Your data will not be disclosed to third parties.<\/li><li><strong>Rights:<\/strong> You may exercise your right of access, rectification, suppression, opposition, limitation and revocation at: privacy@ainia.es.<\/li><li><strong>More info:<\/strong> More information is available in our <a href=\"https:\/\/www.aimplas.es\/informacion-legal\/politica-privacidad\/\">Privacy Policy.<\/a><\/li><li><strong>DPO:<\/strong> Direct your complaints or doubts to the Data Protection Delegate at: privacy@ainia.es.<\/li><\/ul>\t\t\t\t\t\t\t\t<\/div>\n\t\t\t\t<\/div>\n\t\t\t\t<div class=\"elementor-element elementor-element-ee591f6 elementor-widget elementor-widget-heading\" data-id=\"ee591f6\" data-element_type=\"widget\" data-e-type=\"widget\" data-widget_type=\"heading.default\">\n\t\t\t\t<div class=\"elementor-widget-container\">\n\t\t\t\t\t<h2 class=\"elementor-heading-title elementor-size-default\">Terms and conditions of use<\/h2>\t\t\t\t<\/div>\n\t\t\t\t<\/div>\n\t\t\t\t<div class=\"elementor-element elementor-element-1f19c92 elementor-widget elementor-widget-text-editor\" data-id=\"1f19c92\" data-element_type=\"widget\" data-e-type=\"widget\" data-widget_type=\"text-editor.default\">\n\t\t\t\t<div class=\"elementor-widget-container\">\n\t\t\t\t\t\t\t\t\t<p>Access to this website is free of charge, except for any connection costs incurred through the telecommunications network provided by the access provider contracted by the user.<br>Use of the website confers the status of user and implies full and unreserved acceptance of all the provisions set forth in this Legal Notice, in the version published at the time of access. <\/p><p>The user undertakes to use this website, its contents and services in accordance with the law, good faith, generally accepted customs and public order.<br>The use of the website for unlawful, deceptive, malicious or harmful purposes against the rights and interests of third parties is strictly prohibited, as is any use that may damage, disable or overload the website, hinder its normal operation or compromise its security. <\/p><p>In the event of total and\/or partial non-compliance by the user with the terms of use or any other provision set out in this Legal Notice, the Controllers reserve the right to deny access to our website, without prior notice to the offending user, as well as to take legal action to defend our interests.<\/p>\t\t\t\t\t\t\t\t<\/div>\n\t\t\t\t<\/div>\n\t\t\t\t<div class=\"elementor-element elementor-element-ea77203 elementor-widget elementor-widget-heading\" data-id=\"ea77203\" data-element_type=\"widget\" data-e-type=\"widget\" data-widget_type=\"heading.default\">\n\t\t\t\t<div class=\"elementor-widget-container\">\n\t\t\t\t\t<h2 class=\"elementor-heading-title elementor-size-default\">Intellectual and industrial property\n<\/h2>\t\t\t\t<\/div>\n\t\t\t\t<\/div>\n\t\t\t\t<div class=\"elementor-element elementor-element-42e6736 elementor-widget elementor-widget-text-editor\" data-id=\"42e6736\" data-element_type=\"widget\" data-e-type=\"widget\" data-widget_type=\"text-editor.default\">\n\t\t\t\t<div class=\"elementor-widget-container\">\n\t\t\t\t\t\t\t\t\t<p>All content on this website, including, by way of example, texts, photographs, graphics, images, icons, technology, software, as well as its graphic design and source code, constitutes a work whose intellectual property belongs to AINIA and AIMPLAS or to third parties who have authorised its use.<br>No exploitation rights recognised under the applicable legislation on intellectual and industrial property shall be deemed to have been assigned to the user, except for those strictly necessary for browsing and using the website.<br>The reproduction, distribution, public communication, making available, extraction, reuse or transformation, whether total or partial of the content of this website is expressly prohibited without the prior express written authorisation of the rights holders.<br>The user may use the materials appearing on this website solely and exclusively for personal and private use. <\/p><p>The user undertakes to respect the intellectual and industrial property rights held by AINIA and AIMPLAS, as recognised under Spanish law. AINIA and AIMPLAS may exercise all civil and criminal actions available to them in the event of infringement or breach of these rights by the user.<\/p>\t\t\t\t\t\t\t\t<\/div>\n\t\t\t\t<\/div>\n\t\t\t\t<div class=\"elementor-element elementor-element-2270a71 elementor-widget elementor-widget-heading\" data-id=\"2270a71\" data-element_type=\"widget\" data-e-type=\"widget\" data-widget_type=\"heading.default\">\n\t\t\t\t<div class=\"elementor-widget-container\">\n\t\t\t\t\t<h2 class=\"elementor-heading-title elementor-size-default\">Use of cookies  <\/h2>\t\t\t\t<\/div>\n\t\t\t\t<\/div>\n\t\t\t\t<div class=\"elementor-element elementor-element-59f3be7 elementor-widget elementor-widget-text-editor\" data-id=\"59f3be7\" data-element_type=\"widget\" data-e-type=\"widget\" data-widget_type=\"text-editor.default\">\n\t\t\t\t<div class=\"elementor-widget-container\">\n\t\t\t\t\t\t\t\t\t<p>Our website uses cookies and\/or similar technologies that store and retrieve information when you browse. In general, these technologies may serve various purposes, such as recognising you as a user, obtaining information about your browsing habits, sending you advertising, or customising the way content is displayed.<br>To learn more about the types of cookies used on our website, we invite you to consult our Cookie Policy. <a href=\"https:\/\/meetingpack.com\/en\/cookie-policy\/\">Cookies Policy.<\/a>  <\/p><p>AINIA and AIMPLAS may modify, without prior notice, the information contained on their website, as well as its configuration and presentation.<\/p>\t\t\t\t\t\t\t\t<\/div>\n\t\t\t\t<\/div>\n\t\t\t\t<div class=\"elementor-element elementor-element-f78c851 elementor-widget elementor-widget-heading\" data-id=\"f78c851\" data-element_type=\"widget\" data-e-type=\"widget\" data-widget_type=\"heading.default\">\n\t\t\t\t<div class=\"elementor-widget-container\">\n\t\t\t\t\t<h2 class=\"elementor-heading-title elementor-size-default\">Commitments to the user<\/h2>\t\t\t\t<\/div>\n\t\t\t\t<\/div>\n\t\t\t\t<div class=\"elementor-element elementor-element-2a259d0 elementor-widget elementor-widget-text-editor\" data-id=\"2a259d0\" data-element_type=\"widget\" data-e-type=\"widget\" data-widget_type=\"text-editor.default\">\n\t\t\t\t<div class=\"elementor-widget-container\">\n\t\t\t\t\t\t\t\t\t<p>AINIA and AIMPLAS undertake, through this medium, not to engage in misleading advertising.<br>For these purposes, any formal or numerical errors that may be found within the content of the various sections of this website, resulting from incomplete or defective maintenance and\/or updating of the information contained therein, shall not be considered misleading advertising.<br>Our entities, as administrators of the website, undertake to correct such errors as soon as they become aware of  <\/p><p>AINIA and AIMPLAS undertake not to send commercial communications without clearly identifying them as such and without obtaining your prior consent, in accordance with the provisions of Law 34\/2002 on Information Society Services and Electronic Commerce.<br>For these purposes, any information sent to our clients shall not be considered commercial communication, provided that its purpose is to maintain the existing contractual relationship between the client and our entity, as well as to carry out information-related tasks and other activities inherent to the service contracted by the client. <\/p>\t\t\t\t\t\t\t\t<\/div>\n\t\t\t\t<\/div>\n\t\t\t\t<div class=\"elementor-element elementor-element-dd1ce60 elementor-widget elementor-widget-heading\" data-id=\"dd1ce60\" data-element_type=\"widget\" data-e-type=\"widget\" data-widget_type=\"heading.default\">\n\t\t\t\t<div class=\"elementor-widget-container\">\n\t\t\t\t\t<h2 class=\"elementor-heading-title elementor-size-default\">Personal data protection commitment<\/h2>\t\t\t\t<\/div>\n\t\t\t\t<\/div>\n\t\t\t\t<div class=\"elementor-element elementor-element-52f5554 elementor-widget elementor-widget-text-editor\" data-id=\"52f5554\" data-element_type=\"widget\" data-e-type=\"widget\" data-widget_type=\"text-editor.default\">\n\t\t\t\t<div class=\"elementor-widget-container\">\n\t\t\t\t\t\t\t\t\t<p>AINIA and AIMPLAS undertake to process any personal data in strict compliance with the provisions of the General Data Protection Regulation (GDPR 2016\/679) and Organic Law 3\/2018, of 5 December, on the Protection of Personal Data and Guarantee of Digital Rights (LOPDPGDD).<br>For more information, we invite all users to consult our <a href=\"https:\/\/meetingpack.com\/en\/privacy-policy\/\">Privacy Policy.<\/a> <\/p><p> <\/p>\t\t\t\t\t\t\t\t<\/div>\n\t\t\t\t<\/div>\n\t\t\t\t<div class=\"elementor-element elementor-element-4ba2318 elementor-widget elementor-widget-heading\" data-id=\"4ba2318\" data-element_type=\"widget\" data-e-type=\"widget\" data-widget_type=\"heading.default\">\n\t\t\t\t<div class=\"elementor-widget-container\">\n\t\t\t\t\t<h2 class=\"elementor-heading-title elementor-size-default\">Responsibility<\/h2>\t\t\t\t<\/div>\n\t\t\t\t<\/div>\n\t\t\t\t<div class=\"elementor-element elementor-element-1354e01 elementor-widget elementor-widget-text-editor\" data-id=\"1354e01\" data-element_type=\"widget\" data-e-type=\"widget\" data-widget_type=\"text-editor.default\">\n\t\t\t\t<div class=\"elementor-widget-container\">\n\t\t\t\t\t\t\t\t\t<p>AINIA and AIMPLAS do not guarantee the absence of errors in access to the website or in its content, nor that such content is up to date, although they will make every reasonable effort to prevent, correct or update them, as appropriate.<\/p><p>Likewise, they shall not be held liable for any damages of any kind that may arise from the unlawful, inappropriate or improper use of this website by users, nor for any potential infringement of third-party rights resulting from improper use of the website by users.<\/p><p>AINIA and AIMPLAS shall also not be held liable for any damages arising from access to or use of the website, including, without limitation, those caused to computer systems or resulting from the introduction of viruses or any type of cyberattack.<\/p>\t\t\t\t\t\t\t\t<\/div>\n\t\t\t\t<\/div>\n\t\t\t\t<div class=\"elementor-element elementor-element-697a946 elementor-widget elementor-widget-heading\" data-id=\"697a946\" data-element_type=\"widget\" data-e-type=\"widget\" data-widget_type=\"heading.default\">\n\t\t\t\t<div class=\"elementor-widget-container\">\n\t\t\t\t\t<h2 class=\"elementor-heading-title elementor-size-default\">Links<\/h2>\t\t\t\t<\/div>\n\t\t\t\t<\/div>\n\t\t\t\t<div class=\"elementor-element elementor-element-3aade48 elementor-widget elementor-widget-text-editor\" data-id=\"3aade48\" data-element_type=\"widget\" data-e-type=\"widget\" data-widget_type=\"text-editor.default\">\n\t\t\t\t<div class=\"elementor-widget-container\">\n\t\t\t\t\t\t\t\t\t<p>The website may provide users with links or hyperlinks to other websites managed by third parties, for the purpose of facilitating access to information or resources available on the Internet.<br>AINIA and AIMPLAS assume no responsibility for the existence of links between the content of this website and content located outside it, nor for any references to external content.<br>The inclusion of links by third parties shall in no case imply the existence of any relationship between AINIA and AIMPLAS and the owners of the linked websites, nor the acceptance or approval by AINIA and AIMPLAS of their content or services. <\/p>\t\t\t\t\t\t\t\t<\/div>\n\t\t\t\t<\/div>\n\t\t\t\t<div class=\"elementor-element elementor-element-46e5e02 elementor-widget elementor-widget-heading\" data-id=\"46e5e02\" data-element_type=\"widget\" data-e-type=\"widget\" data-widget_type=\"heading.default\">\n\t\t\t\t<div class=\"elementor-widget-container\">\n\t\t\t\t\t<h2 class=\"elementor-heading-title elementor-size-default\">Inclusive language<\/h2>\t\t\t\t<\/div>\n\t\t\t\t<\/div>\n\t\t\t\t<div class=\"elementor-element elementor-element-824175f elementor-widget elementor-widget-text-editor\" data-id=\"824175f\" data-element_type=\"widget\" data-e-type=\"widget\" data-widget_type=\"text-editor.default\">\n\t\t\t\t<div class=\"elementor-widget-container\">\n\t\t\t\t\t\t\t\t\t<p>AINIA and AIMPLAS are firmly committed to equality and actively work to promote an inclusive and respectful environment. <\/p>\t\t\t\t\t\t\t\t<\/div>\n\t\t\t\t<\/div>\n\t\t\t\t<div class=\"elementor-element elementor-element-21902d2 elementor-widget elementor-widget-heading\" data-id=\"21902d2\" data-element_type=\"widget\" data-e-type=\"widget\" data-widget_type=\"heading.default\">\n\t\t\t\t<div class=\"elementor-widget-container\">\n\t\t\t\t\t<h2 class=\"elementor-heading-title elementor-size-default\">Applicable law and jurisdiction<\/h2>\t\t\t\t<\/div>\n\t\t\t\t<\/div>\n\t\t\t\t<div class=\"elementor-element elementor-element-007f934 elementor-widget elementor-widget-text-editor\" data-id=\"007f934\" data-element_type=\"widget\" data-e-type=\"widget\" data-widget_type=\"text-editor.default\">\n\t\t\t\t<div class=\"elementor-widget-container\">\n\t\t\t\t\t\t\t\t\t<p>These terms and conditions shall be governed by and interpreted in accordance with the applicable Spanish legislation.<br>For the resolution of any dispute that may arise from access to or use of this website, AINIA and AIMPLAS and the user, expressly waiving any other jurisdiction to which they may be entitled, agree to submit to the Courts and Tribunals of the city of Valencia, except in those cases where consumer protection regulations determine a different jurisdiction.<\/p>\t\t\t\t\t\t\t\t<\/div>\n\t\t\t\t<\/div>\n\t\t\t\t<div class=\"elementor-element elementor-element-25b5427 elementor-widget elementor-widget-heading\" data-id=\"25b5427\" data-element_type=\"widget\" data-e-type=\"widget\" data-widget_type=\"heading.default\">\n\t\t\t\t<div class=\"elementor-widget-container\">\n\t\t\t\t\t<h2 class=\"elementor-heading-title elementor-size-default\">Updates<\/h2>\t\t\t\t<\/div>\n\t\t\t\t<\/div>\n\t\t\t\t<div class=\"elementor-element elementor-element-50d1389 elementor-widget elementor-widget-text-editor\" data-id=\"50d1389\" data-element_type=\"widget\" data-e-type=\"widget\" data-widget_type=\"text-editor.default\">\n\t\t\t\t<div class=\"elementor-widget-container\">\n\t\t\t\t\t\t\t\t\t<p>AINIA and AIMPLAS reserve the right to update, at any time and without prior notice, the presentation, configuration and content of the website, as well as this Legal Notice. For this reason, we recommend that users review this Legal Notice periodically. <\/p>\t\t\t\t\t\t\t\t<\/div>\n\t\t\t\t<\/div>\n\t\t\t\t\t<\/div>\n\t\t\t\t<\/div>\n\t\t\t\t<\/div>\n\t\t","protected":false},"excerpt":{"rendered":"<p>Legal Notice In compliance with the provisions of Article 10 of Law 34\/2002, of 11 July, on Information Society Services and Electronic Commerce (hereinafter, LSSI-CE), the following information is provided expressly, precisely and unequivocally to both users (service recipients) and the competent authorities, regarding the provider of information society services: This website (www.meetingpack.com), as well [&hellip;]<\/p>\n","protected":false},"author":1,"featured_media":0,"parent":0,"menu_order":0,"comment_status":"closed","ping_status":"closed","template":"","meta":{"footnotes":""},"class_list":["post-1292","page","type-page","status-publish","hentry"],"_links":{"self":[{"href":"https:\/\/meetingpack.com\/en\/wp-json\/wp\/v2\/pages\/1292","targetHints":{"allow":["GET"]}}],"collection":[{"href":"https:\/\/meetingpack.com\/en\/wp-json\/wp\/v2\/pages"}],"about":[{"href":"https:\/\/meetingpack.com\/en\/wp-json\/wp\/v2\/types\/page"}],"author":[{"embeddable":true,"href":"https:\/\/meetingpack.com\/en\/wp-json\/wp\/v2\/users\/1"}],"replies":[{"embeddable":true,"href":"https:\/\/meetingpack.com\/en\/wp-json\/wp\/v2\/comments?post=1292"}],"version-history":[{"count":3,"href":"https:\/\/meetingpack.com\/en\/wp-json\/wp\/v2\/pages\/1292\/revisions"}],"predecessor-version":[{"id":1301,"href":"https:\/\/meetingpack.com\/en\/wp-json\/wp\/v2\/pages\/1292\/revisions\/1301"}],"wp:attachment":[{"href":"https:\/\/meetingpack.com\/en\/wp-json\/wp\/v2\/media?parent=1292"}],"curies":[{"name":"wp","href":"https:\/\/api.w.org\/{rel}","templated":true}]}}