{"id":1294,"date":"2025-06-09T14:16:58","date_gmt":"2025-06-09T14:16:58","guid":{"rendered":"https:\/\/meetingpack.com\/privacy-policy\/"},"modified":"2025-07-15T08:02:37","modified_gmt":"2025-07-15T08:02:37","slug":"privacy-policy","status":"publish","type":"page","link":"https:\/\/meetingpack.com\/en\/privacy-policy\/","title":{"rendered":"Privacy Policy"},"content":{"rendered":"\t\t<div data-elementor-type=\"wp-page\" data-elementor-id=\"1294\" class=\"elementor elementor-1294 elementor-1177\" data-elementor-post-type=\"page\">\n\t\t\t\t<div class=\"elementor-element elementor-element-add4436 e-con-full e-flex e-con e-parent\" data-id=\"add4436\" data-element_type=\"container\" data-e-type=\"container\" data-settings=\"{&quot;background_background&quot;:&quot;classic&quot;}\">\n\t\t<div class=\"elementor-element elementor-element-178e3ca e-con-full e-flex e-con e-child\" data-id=\"178e3ca\" data-element_type=\"container\" data-e-type=\"container\">\n\t\t<div class=\"elementor-element elementor-element-041edc8 e-con-full e-flex e-con e-child\" data-id=\"041edc8\" data-element_type=\"container\" data-e-type=\"container\" data-settings=\"{&quot;background_background&quot;:&quot;classic&quot;}\">\n\t\t\t\t<div class=\"elementor-element elementor-element-5efdb09 elementor-widget elementor-widget-heading\" data-id=\"5efdb09\" data-element_type=\"widget\" data-e-type=\"widget\" data-widget_type=\"heading.default\">\n\t\t\t\t<div class=\"elementor-widget-container\">\n\t\t\t\t\t<h1 class=\"elementor-heading-title elementor-size-default\">Privacy Policy<\/h1>\t\t\t\t<\/div>\n\t\t\t\t<\/div>\n\t\t\t\t<\/div>\n\t\t\t\t<\/div>\n\t\t\t\t<\/div>\n\t\t<div class=\"elementor-element elementor-element-889c741 e-flex e-con-boxed e-con e-parent\" data-id=\"889c741\" data-element_type=\"container\" data-e-type=\"container\">\n\t\t\t\t\t<div class=\"e-con-inner\">\n\t\t\t\t<div class=\"elementor-element elementor-element-39905f1 elementor-widget elementor-widget-text-editor\" data-id=\"39905f1\" data-element_type=\"widget\" data-e-type=\"widget\" data-widget_type=\"text-editor.default\">\n\t\t\t\t<div class=\"elementor-widget-container\">\n\t\t\t\t\t\t\t\t\t<p>The purpose of this Privacy Policy is to let you know how we collect, process and protect the personal data you provide to us and to decide freely whether you want us to process it.<\/p>\t\t\t\t\t\t\t\t<\/div>\n\t\t\t\t<\/div>\n\t\t\t\t<div class=\"elementor-element elementor-element-240c026 elementor-widget elementor-widget-heading\" data-id=\"240c026\" data-element_type=\"widget\" data-e-type=\"widget\" data-widget_type=\"heading.default\">\n\t\t\t\t<div class=\"elementor-widget-container\">\n\t\t\t\t\t<h2 class=\"elementor-heading-title elementor-size-default\">Data Controller \/ Information Society Service Provider Details<\/h2>\t\t\t\t<\/div>\n\t\t\t\t<\/div>\n\t\t\t\t<div class=\"elementor-element elementor-element-375079c elementor-widget elementor-widget-text-editor\" data-id=\"375079c\" data-element_type=\"widget\" data-e-type=\"widget\" data-widget_type=\"text-editor.default\">\n\t\t\t\t<div class=\"elementor-widget-container\">\n\t\t\t\t\t\t\t\t\t<ul><li><strong>Entity:<\/strong> AINIA<\/li><li><strong>Tax Identification Number:<\/strong> G46421988<\/li><li><strong>Postal address<\/strong>: Calle Benjam\u00edn Franklin, 5 a 11, CP 46980 Paterna (Valencia)<\/li><li><strong>Telephone:<\/strong> 96 136 60 90<\/li><li><strong>E-mail:<\/strong> privacy@ainia.es<\/li><li><strong>Web site:<\/strong> https:\/\/www.ainia.com\/<\/li><li><strong>Registration data:<\/strong> Registered in the National Register of Associations under number 78125.<\/li><\/ul>\t\t\t\t\t\t\t\t<\/div>\n\t\t\t\t<\/div>\n\t\t\t\t<div class=\"elementor-element elementor-element-953f7f8 elementor-widget elementor-widget-text-editor\" data-id=\"953f7f8\" data-element_type=\"widget\" data-e-type=\"widget\" data-widget_type=\"text-editor.default\">\n\t\t\t\t<div class=\"elementor-widget-container\">\n\t\t\t\t\t\t\t\t\t<ul><li><strong>Entity:<\/strong> AIMPLAS \u2013 Plastics Technology Centre (Asociaci\u00f3n de Investigaci\u00f3n de Materiales Pl\u00e1sticos y Conexas)<\/li><li><strong>Tax Identification Number: <\/strong>G46714853<\/li><li><strong>Postal address<\/strong>: Parque Tecnol\u00f3gico de Valencia. Calle Gustave Eiffel 4, Paterna 46980,<br>Valencia. Spain  <\/li><li><strong>Phone:<\/strong> 96 136 60 40<\/li><li><strong>E-mail:<\/strong> dpo@aimplas.com<\/li><li><strong>Web site:<\/strong> https:\/\/www.aimplas.es\/<\/li><li><strong>Registration data:<\/strong> Registered in the National Registry of Associations under number 97210.<\/li><\/ul>\t\t\t\t\t\t\t\t<\/div>\n\t\t\t\t<\/div>\n\t\t\t\t<div class=\"elementor-element elementor-element-f72ca2f elementor-widget elementor-widget-heading\" data-id=\"f72ca2f\" data-element_type=\"widget\" data-e-type=\"widget\" data-widget_type=\"heading.default\">\n\t\t\t\t<div class=\"elementor-widget-container\">\n\t\t\t\t\t<h2 class=\"elementor-heading-title elementor-size-default\">How can you contact the Data Protection Officer?<\/h2>\t\t\t\t<\/div>\n\t\t\t\t<\/div>\n\t\t\t\t<div class=\"elementor-element elementor-element-647dea4 elementor-widget elementor-widget-text-editor\" data-id=\"647dea4\" data-element_type=\"widget\" data-e-type=\"widget\" data-widget_type=\"text-editor.default\">\n\t\t\t\t<div class=\"elementor-widget-container\">\n\t\t\t\t\t\t\t\t\t<p><span style=\"font-weight: 400;\">AINIA and AIMPLAS have appointed a Data Protection Officer (DPO) before the General Registry of the Spanish Data Protection Agency, to whom data subjects may address any complaints, suggestions or queries regarding the processing of their personal data. <\/span><\/p><p><span style=\"font-weight: 400;\">The Data Protection Officer may be contacted in writing at:<\/span><\/p><ul><li><span style=\"font-weight: 400;\">BUSINESS ADAPTER, S.L.<\/span><\/li><li><span style=\"font-weight: 400;\">Ronda Guglielmo Marconi, 11, 26, (Technology Park) 46980 Paterna (Valencia).<\/span><\/li><li><span style=\"font-weight: 400;\">E-mail: <\/span><a href=\"mailto:privacy@ainia.es\"><span style=\"font-weight: 400;\">privacy@ainia.es<\/span><\/a><span style=\"font-weight: 400;\"> o <\/span><span style=\"font-weight: 400;\">dpo@aimplas.com<\/span><\/li><li><span style=\"font-weight: 400;\">You can also do it through this <\/span><a href=\"https:\/\/www.businessadapter.es\/contacta-con-el-delegado-de-proteccion-de-datos\"><span style=\"font-weight: 400;\">Attention form<\/span><\/a><span style=\"font-weight: 400;\"> <\/span><br><br><\/li><\/ul>\t\t\t\t\t\t\t\t<\/div>\n\t\t\t\t<\/div>\n\t\t\t\t<div class=\"elementor-element elementor-element-d48501b elementor-widget elementor-widget-heading\" data-id=\"d48501b\" data-element_type=\"widget\" data-e-type=\"widget\" data-widget_type=\"heading.default\">\n\t\t\t\t<div class=\"elementor-widget-container\">\n\t\t\t\t\t<h2 class=\"elementor-heading-title elementor-size-default\">What personal data will we process and how do we collect it?<\/h2>\t\t\t\t<\/div>\n\t\t\t\t<\/div>\n\t\t\t\t<div class=\"elementor-element elementor-element-83751a0 elementor-widget elementor-widget-text-editor\" data-id=\"83751a0\" data-element_type=\"widget\" data-e-type=\"widget\" data-widget_type=\"text-editor.default\">\n\t\t\t\t<div class=\"elementor-widget-container\">\n\t\t\t\t\t\t\t\t\t<p>Your personal data will be processed for the purposes of identifying you, registering and handling your registration request, establishing and maintaining the pre-contractual and contractual relationship, including the sending of commercial communications through various means, responding to enquiries, conducting quality control and commercial statistics, managing access control, accounting and invoicing, payment collection, incident management, claims and the exercise of rights, as well as for other purposes required to fulfil said relationship, comply with applicable legal obligations, or pursue our legitimate interests.<\/p>\t\t\t\t\t\t\t\t<\/div>\n\t\t\t\t<\/div>\n\t\t\t\t<div class=\"elementor-element elementor-element-f2bd304 elementor-widget elementor-widget-heading\" data-id=\"f2bd304\" data-element_type=\"widget\" data-e-type=\"widget\" data-widget_type=\"heading.default\">\n\t\t\t\t<div class=\"elementor-widget-container\">\n\t\t\t\t\t<h2 class=\"elementor-heading-title elementor-size-default\">Legitimation<\/h2>\t\t\t\t<\/div>\n\t\t\t\t<\/div>\n\t\t\t\t<div class=\"elementor-element elementor-element-ec487e1 elementor-widget elementor-widget-text-editor\" data-id=\"ec487e1\" data-element_type=\"widget\" data-e-type=\"widget\" data-widget_type=\"text-editor.default\">\n\t\t\t\t<div class=\"elementor-widget-container\">\n\t\t\t\t\t\t\t\t\t<p>The processing of your personal data is carried out on one or more of the following legitimate bases:<\/p><p><span style=\"text-decoration: underline;\">Contact forms:<\/span> <br>Your data will only be processed if you provide your express, free, informed and unequivocal consent, after being duly informed at the time your data is collected and in greater detail through this Privacy Policy.<br>Once you have read this Policy and agree with its contents, you may voluntarily authorise us to process your data for one or more specific purposes by ticking the corresponding boxes provided in our web forms, by giving your verbal consent (which will require voice recording), or by signing the information clauses we provide at the time we request your personal data.<\/p><p><span style=\"text-decoration: underline;\">Registration forms:<\/span><br>For the performance of a contract to which you are a party or in order to take pre-contractual steps at your request.<br>The processing is necessary for compliance with a legal obligation to which our entity is subject (e.g. invoicing requirements). <\/p>\t\t\t\t\t\t\t\t<\/div>\n\t\t\t\t<\/div>\n\t\t\t\t<div class=\"elementor-element elementor-element-1bcb67d elementor-widget elementor-widget-heading\" data-id=\"1bcb67d\" data-element_type=\"widget\" data-e-type=\"widget\" data-widget_type=\"heading.default\">\n\t\t\t\t<div class=\"elementor-widget-container\">\n\t\t\t\t\t<h2 class=\"elementor-heading-title elementor-size-default\">Data Retention<\/h2>\t\t\t\t<\/div>\n\t\t\t\t<\/div>\n\t\t\t\t<div class=\"elementor-element elementor-element-3b71fb0 elementor-widget elementor-widget-text-editor\" data-id=\"3b71fb0\" data-element_type=\"widget\" data-e-type=\"widget\" data-widget_type=\"text-editor.default\">\n\t\t\t\t<div class=\"elementor-widget-container\">\n\t\t\t\t\t\t\t\t\t<p>The personal data provided will be retained until the conclusion of the event we are organising, unless you have requested to maintain the relationship (e.g. for the sending of promotional communications), or where your relationship with our entities is based on other grounds, in which case the data may be retained for the legally established period. For example:<\/p>\t\t\t\t\t\t\t\t<\/div>\n\t\t\t\t<\/div>\n\t\t\t\t<div class=\"elementor-element elementor-element-077f486 elementor-widget elementor-widget-text-editor\" data-id=\"077f486\" data-element_type=\"widget\" data-e-type=\"widget\" data-widget_type=\"text-editor.default\">\n\t\t\t\t<div class=\"elementor-widget-container\">\n\t\t\t\t\t\t\t\t\t<table><tbody><tr><td><p><b>Condition<\/b><\/p><\/td><td><p><b>Sectoral scope <\/b><\/p><\/td><td><p><b>Legal basis<\/b><\/p><\/td><td><p><b>Conservation period<\/b><\/p><\/td><\/tr><tr><td><ul><li style=\"font-weight: 400;\" aria-level=\"1\"><span style=\"font-weight: 400;\">Customers<\/span><\/li><li style=\"font-weight: 400;\" aria-level=\"1\"><span style=\"font-weight: 400;\">Suppliers<\/span><\/li><\/ul><\/td><td><p><span style=\"font-weight: 400;\">Accounting<\/span><\/p><\/td><td><p><span style=\"font-weight: 400;\">Article. 30.1 R.D. Code of Commerce<\/span><\/p><\/td><td><ul><li style=\"font-weight: 400;\" aria-level=\"1\"><span style=\"font-weight: 400;\">6 years from the last entry<\/span><\/li><\/ul><\/td><\/tr><tr><td><ul><li style=\"font-weight: 400;\" aria-level=\"1\"><span style=\"font-weight: 400;\">Customers<\/span><\/li><li style=\"font-weight: 400;\" aria-level=\"1\"><span style=\"font-weight: 400;\">Suppliers<\/span><\/li><\/ul><\/td><td><p><span style=\"font-weight: 400;\">Prosecutor<\/span><\/p><\/td><td><p><span style=\"font-weight: 400;\">Article 66 of General Tax Law 58\/2003<\/span><\/p><\/td><td><ul><li style=\"font-weight: 400;\" aria-level=\"1\"><span style=\"font-weight: 400;\">General term: 4 years<\/span><\/li><li style=\"font-weight: 400;\" aria-level=\"1\"><span style=\"font-weight: 400;\">In case of losses during the year: 10 years<\/span><\/li><li style=\"font-weight: 400;\" aria-level=\"1\"><span style=\"font-weight: 400;\">Invoices: 5 years<\/span><\/li><\/ul><\/td><\/tr><tr><td><ul><li style=\"font-weight: 400;\" aria-level=\"1\"><span style=\"font-weight: 400;\">Any person<\/span><\/li><\/ul><\/td><td><p><span style=\"font-weight: 400;\">General<\/span><\/p><\/td><td><p><span style=\"font-weight: 400;\">Article 1964.2 of the Civil Code<\/span><\/p><\/td><td><ul><li style=\"font-weight: 400;\" aria-level=\"1\"><span style=\"font-weight: 400;\">5 years:<\/span><\/li><\/ul><p><span style=\"font-weight: 400;\">Personal actions for which no special limitation period is established shall expire five years from the date on which performance of the obligation can be demanded. In the case of continuous obligations to do or not to do something, the limitation period shall begin anew each time the obligation is breached. <\/span><\/p><\/td><\/tr><tr><td><ul><li style=\"font-weight: 400;\" aria-level=\"1\"><span style=\"font-weight: 400;\">Job applicants<\/span><\/li><\/ul><\/td><td><p><span style=\"font-weight: 400;\">Laboral<\/span><\/p><\/td><td><p><span style=\"font-weight: 400;\">AEPD Labor Relations Guide<\/span><\/p><\/td><td><ul><li style=\"font-weight: 400;\" aria-level=\"1\"><span style=\"font-weight: 400;\">1 year<\/span><\/li><\/ul><\/td><\/tr><tr><td><ul><li style=\"font-weight: 400;\" aria-level=\"1\"><span style=\"font-weight: 400;\">Web users<\/span><\/li><\/ul><\/td><td><p><span style=\"font-weight: 400;\">Use of cookies<\/span><\/p><\/td><td><p><span style=\"font-weight: 400;\">Guide on the Use of Cookies by the Spanish Data Protection Agency (AEPD)<\/span><\/p><\/td><td><ul><li style=\"font-weight: 400;\" aria-level=\"1\"><span style=\"font-weight: 400;\">24 months maximum<\/span><\/li><\/ul><\/td><\/tr><tr><td><ul><li style=\"font-weight: 400;\" aria-level=\"1\"><span style=\"font-weight: 400;\">Information requesters<\/span><\/li><\/ul><\/td><td><p><span style=\"font-weight: 400;\">Commercial<\/span><\/p><p><span style=\"font-weight: 400;\">Legal<\/span><\/p><\/td><td><p><span style=\"font-weight: 400;\">Article 20.1 a and d) Spanish Constitution<\/span><\/p><\/td><td><ul><li style=\"font-weight: 400;\" aria-level=\"1\"><span style=\"font-weight: 400;\">The shortest time possible or as indicated in the laws.<\/span><\/li><\/ul><\/td><\/tr><tr><td><ul><li style=\"font-weight: 400;\" aria-level=\"1\"><span style=\"font-weight: 400;\">Whistleblowers<\/span><\/li><li style=\"font-weight: 400;\" aria-level=\"1\"><span style=\"font-weight: 400;\">Affected individuals<\/span><\/li><\/ul><\/td><td><p><span style=\"font-weight: 400;\">Internal Whistleblower Channel Reports<\/span><\/p><\/td><td><ul><li style=\"font-weight: 400;\" aria-level=\"1\"><span style=\"font-weight: 400;\">Article 26.2 Law 2\/2023 (internal information systems)<\/span><\/li><li style=\"font-weight: 400;\" aria-level=\"1\"><span style=\"font-weight: 400;\">Article 32.3 Law 2\/2023 (internal information systems)<\/span><\/li><\/ul><br><br><br><br><br><br><br><ul><li style=\"font-weight: 400;\" aria-level=\"1\"><span style=\"font-weight: 400;\">Article 32.4 Law 2\/2023 (internal information systems)<\/span><\/li><\/ul><\/td><td><ul><li style=\"font-weight: 400;\" aria-level=\"1\"><span style=\"font-weight: 400;\">In case the reported facts have been investigated, it shall not exceed 10 years of conservation.<\/span><\/li><\/ul><br><ul><li style=\"font-weight: 400;\" aria-level=\"1\"><span style=\"font-weight: 400;\">For the time strictly necessary to determine whether it is appropriate to initiate an investigation into the reported facts. If it is established that the information provided, in whole or in part, is not accurate, it must be immediately deleted, unless such inaccuracy may constitute a criminal offence, in which case the information shall be retained for the time necessary while the judicial proceedings are ongoing. <\/span><\/li><\/ul><br><ul><li style=\"font-weight: 400;\" aria-level=\"1\"><span style=\"font-weight: 400;\">If the investigation is not initiated within 3 months of receipt of the complaint, they shall be deleted.  <\/span><\/li><\/ul><\/td><\/tr><\/tbody><\/table>\t\t\t\t\t\t\t\t<\/div>\n\t\t\t\t<\/div>\n\t\t\t\t<div class=\"elementor-element elementor-element-cafa8a6 elementor-widget elementor-widget-text-editor\" data-id=\"cafa8a6\" data-element_type=\"widget\" data-e-type=\"widget\" data-widget_type=\"text-editor.default\">\n\t\t\t\t<div class=\"elementor-widget-container\">\n\t\t\t\t\t\t\t\t\t<p><span style=\"font-weight: 400;\">Once the relationship with our entities has ended, your data will be kept blocked in those cases where it is necessary to retain them until the statute of limitations for any liabilities has expired, exclusively for the purpose of handling claims or legal actions, as well as for compliance with applicable legal obligations.<\/span><\/p>\t\t\t\t\t\t\t\t<\/div>\n\t\t\t\t<\/div>\n\t\t\t\t<div class=\"elementor-element elementor-element-ff8d02c elementor-widget elementor-widget-heading\" data-id=\"ff8d02c\" data-element_type=\"widget\" data-e-type=\"widget\" data-widget_type=\"heading.default\">\n\t\t\t\t<div class=\"elementor-widget-container\">\n\t\t\t\t\t<h2 class=\"elementor-heading-title elementor-size-default\">Profiling<\/h2>\t\t\t\t<\/div>\n\t\t\t\t<\/div>\n\t\t\t\t<div class=\"elementor-element elementor-element-34b1c3f elementor-widget elementor-widget-text-editor\" data-id=\"34b1c3f\" data-element_type=\"widget\" data-e-type=\"widget\" data-widget_type=\"text-editor.default\">\n\t\t\t\t<div class=\"elementor-widget-container\">\n\t\t\t\t\t\t\t\t\t<p><span style=\"font-weight: 400;\">We do not create profiles using your personal data. However, should we do si in the future, you will be duty informed and your consent will be requested beforehand<\/span><span style=\"font-weight: 400;\"><br><\/span><span style=\"font-weight: 400;\">Likewise, you have the right to object to such processing at any time by writing to: <\/span><a href=\"mailto:privacy@ainia.es\"><span style=\"font-weight: 400;\">privacy@ainia.es<\/span><\/a><span style=\"font-weight: 400;\"> or <\/span><a href=\"mailto:dpo@aimplas.com\"><span style=\"font-weight: 400;\">dpo@aimplas.com,<\/span><\/a><span style=\"font-weight: 400;\">or by using this <\/span><a href=\"https:\/\/www.businessadapter.es\/contacta-con-el-delegado-de-proteccion-de-datos\"><span style=\"font-weight: 400;\">Attention form<\/span><\/a><span style=\"font-weight: 400;\">.<\/span><span style=\"font-weight: 400;\"> <\/span><\/p>\t\t\t\t\t\t\t\t<\/div>\n\t\t\t\t<\/div>\n\t\t\t\t<div class=\"elementor-element elementor-element-c38c858 elementor-widget elementor-widget-heading\" data-id=\"c38c858\" data-element_type=\"widget\" data-e-type=\"widget\" data-widget_type=\"heading.default\">\n\t\t\t\t<div class=\"elementor-widget-container\">\n\t\t\t\t\t<h2 class=\"elementor-heading-title elementor-size-default\">Data disclosure<\/h2>\t\t\t\t<\/div>\n\t\t\t\t<\/div>\n\t\t\t\t<div class=\"elementor-element elementor-element-cb18c37 elementor-widget elementor-widget-text-editor\" data-id=\"cb18c37\" data-element_type=\"widget\" data-e-type=\"widget\" data-widget_type=\"text-editor.default\">\n\t\t\t\t<div class=\"elementor-widget-container\">\n\t\t\t\t\t\t\t\t\t<p>Your data will be disclosured to Avoris Retail Division, S.L. for the logistical management of the meetingPACK event. The company has provided written assurances that it will implement measures to ensure the confidentiality, integrity and availability of your data, solely for the purpose for which it was disclosed.<\/p>\t\t\t\t\t\t\t\t<\/div>\n\t\t\t\t<\/div>\n\t\t\t\t<div class=\"elementor-element elementor-element-a14bcad elementor-widget elementor-widget-heading\" data-id=\"a14bcad\" data-element_type=\"widget\" data-e-type=\"widget\" data-widget_type=\"heading.default\">\n\t\t\t\t<div class=\"elementor-widget-container\">\n\t\t\t\t\t<h2 class=\"elementor-heading-title elementor-size-default\">Security Measures<\/h2>\t\t\t\t<\/div>\n\t\t\t\t<\/div>\n\t\t\t\t<div class=\"elementor-element elementor-element-388a891 elementor-widget elementor-widget-text-editor\" data-id=\"388a891\" data-element_type=\"widget\" data-e-type=\"widget\" data-widget_type=\"text-editor.default\">\n\t\t\t\t<div class=\"elementor-widget-container\">\n\t\t\t\t\t\t\t\t\t<p>AINIA and AIMPLAS have implemented all the necessary technical and organizational measures to protect your personal data, avoiding its loss, theft or unauthorized use.<\/p><p>These measures are periodically verified in our data protection compliance checks.<\/p>\t\t\t\t\t\t\t\t<\/div>\n\t\t\t\t<\/div>\n\t\t\t\t<div class=\"elementor-element elementor-element-537f7cf elementor-widget elementor-widget-heading\" data-id=\"537f7cf\" data-element_type=\"widget\" data-e-type=\"widget\" data-widget_type=\"heading.default\">\n\t\t\t\t<div class=\"elementor-widget-container\">\n\t\t\t\t\t<h2 class=\"elementor-heading-title elementor-size-default\">Rights of interested parties<\/h2>\t\t\t\t<\/div>\n\t\t\t\t<\/div>\n\t\t\t\t<div class=\"elementor-element elementor-element-3b496b6 elementor-widget elementor-widget-text-editor\" data-id=\"3b496b6\" data-element_type=\"widget\" data-e-type=\"widget\" data-widget_type=\"text-editor.default\">\n\t\t\t\t<div class=\"elementor-widget-container\">\n\t\t\t\t\t\t\t\t\t<p>You have the right to know if our entities are processing your personal data; therefore, you have the right to access your data, oppose their processing, rectify them if they are inaccurate, revoke your consent, request the deletion of your data, you can exercise your right of opposition, limitation or portability if you deem it appropriate and to exercise any of your rights can do so in writing by writing to:<\/p><ul><li>AINIA: privacy@ainia.es<\/li><li>AIMPLAS: dpo@aimplas.com<\/li><\/ul><p>If you have any complaints or questions about the treatment that each entity, you can contact the Data Protection Officer in this form.<\/p><p>If you believe that your rights have been disregarded or that your right to the protection of personal data has been violated, you may file a complaint with the Spanish Data Protection Agency at www.aepd.es.<\/p>\t\t\t\t\t\t\t\t<\/div>\n\t\t\t\t<\/div>\n\t\t\t\t\t<\/div>\n\t\t\t\t<\/div>\n\t\t\t\t<\/div>\n\t\t","protected":false},"excerpt":{"rendered":"<p>Privacy Policy The purpose of this Privacy Policy is to let you know how we collect, process and protect the personal data you provide to us and to decide freely whether you want us to process it. Data Controller \/ Information Society Service Provider Details Entity: AINIA Tax Identification Number: G46421988 Postal address: Calle Benjam\u00edn [&hellip;]<\/p>\n","protected":false},"author":1,"featured_media":0,"parent":0,"menu_order":0,"comment_status":"closed","ping_status":"closed","template":"","meta":{"footnotes":""},"class_list":["post-1294","page","type-page","status-publish","hentry"],"_links":{"self":[{"href":"https:\/\/meetingpack.com\/en\/wp-json\/wp\/v2\/pages\/1294","targetHints":{"allow":["GET"]}}],"collection":[{"href":"https:\/\/meetingpack.com\/en\/wp-json\/wp\/v2\/pages"}],"about":[{"href":"https:\/\/meetingpack.com\/en\/wp-json\/wp\/v2\/types\/page"}],"author":[{"embeddable":true,"href":"https:\/\/meetingpack.com\/en\/wp-json\/wp\/v2\/users\/1"}],"replies":[{"embeddable":true,"href":"https:\/\/meetingpack.com\/en\/wp-json\/wp\/v2\/comments?post=1294"}],"version-history":[{"count":2,"href":"https:\/\/meetingpack.com\/en\/wp-json\/wp\/v2\/pages\/1294\/revisions"}],"predecessor-version":[{"id":1296,"href":"https:\/\/meetingpack.com\/en\/wp-json\/wp\/v2\/pages\/1294\/revisions\/1296"}],"wp:attachment":[{"href":"https:\/\/meetingpack.com\/en\/wp-json\/wp\/v2\/media?parent=1294"}],"curies":[{"name":"wp","href":"https:\/\/api.w.org\/{rel}","templated":true}]}}